{"id":2198,"date":"2024-06-06T12:39:51","date_gmt":"2024-06-06T09:39:51","guid":{"rendered":"https:\/\/promo.waavo.com\/susisiekite\/"},"modified":"2024-06-26T11:28:49","modified_gmt":"2024-06-26T08:28:49","slug":"susisiekite","status":"publish","type":"page","link":"https:\/\/promo.waavo.com\/lt\/susisiekite\/","title":{"rendered":"Susisiekite"},"content":{"rendered":"\t\t<div data-elementor-type=\"wp-page\" data-elementor-id=\"2198\" class=\"elementor elementor-2198 elementor-812\" data-elementor-post-type=\"page\">\n\t\t\t\t<div class=\"elementor-element elementor-element-1ab68f66 e-con-full e-flex e-con e-parent\" data-id=\"1ab68f66\" data-element_type=\"container\">\n\t\t<div class=\"elementor-element elementor-element-69b31267 e-con-full e-flex e-con e-child\" data-id=\"69b31267\" data-element_type=\"container\" data-settings=\"{&quot;background_background&quot;:&quot;classic&quot;}\">\n\t\t\t\t<div class=\"elementor-element elementor-element-791ea89b elementor-widget elementor-widget-heading\" data-id=\"791ea89b\" data-element_type=\"widget\" data-widget_type=\"heading.default\">\n\t\t\t\t<div class=\"elementor-widget-container\">\n\t\t\t\t\t<h1 class=\"elementor-heading-title elementor-size-default\">Susisiekite<\/h1>\t\t\t\t<\/div>\n\t\t\t\t<\/div>\n\t\t\t\t<\/div>\n\t\t<div class=\"elementor-element elementor-element-865dc5d e-con-full e-flex e-con e-child\" data-id=\"865dc5d\" data-element_type=\"container\">\n\t\t\t\t<div class=\"elementor-element elementor-element-6dcc4bf1 elementor-widget elementor-widget-image\" data-id=\"6dcc4bf1\" data-element_type=\"widget\" data-widget_type=\"image.default\">\n\t\t\t\t<div class=\"elementor-widget-container\">\n\t\t\t\t\t\t\t\t\t\t\t\t\t\t\t<img fetchpriority=\"high\" decoding=\"async\" width=\"800\" height=\"344\" src=\"https:\/\/promo.waavo.com\/wp-content\/uploads\/2024\/06\/main-image-medium.png\" class=\"attachment-large size-large wp-image-2203\" alt=\"Waavo\" srcset=\"https:\/\/promo.waavo.com\/wp-content\/uploads\/2024\/06\/main-image-medium.png 815w, https:\/\/promo.waavo.com\/wp-content\/uploads\/2024\/06\/main-image-medium-300x129.png 300w, https:\/\/promo.waavo.com\/wp-content\/uploads\/2024\/06\/main-image-medium-768x330.png 768w\" sizes=\"(max-width: 800px) 100vw, 800px\" \/>\t\t\t\t\t\t\t\t\t\t\t\t\t\t\t<\/div>\n\t\t\t\t<\/div>\n\t\t\t\t<\/div>\n\t\t\t\t<\/div>\n\t\t<div class=\"elementor-element elementor-element-bbeaa63 e-grid e-con-boxed e-con e-parent\" data-id=\"bbeaa63\" data-element_type=\"container\">\n\t\t\t\t\t<div class=\"e-con-inner\">\n\t\t<div class=\"elementor-element elementor-element-8d952be e-flex e-con-boxed e-con e-child\" data-id=\"8d952be\" data-element_type=\"container\">\n\t\t\t\t\t<div class=\"e-con-inner\">\n\t\t<div class=\"elementor-element elementor-element-ad822dc e-flex e-con-boxed e-con e-child\" data-id=\"ad822dc\" data-element_type=\"container\">\n\t\t\t\t\t<div class=\"e-con-inner\">\n\t\t\t\t<div class=\"elementor-element elementor-element-2295917 elementor-widget elementor-widget-heading\" data-id=\"2295917\" data-element_type=\"widget\" data-widget_type=\"heading.default\">\n\t\t\t\t<div class=\"elementor-widget-container\">\n\t\t\t\t\t<h2 class=\"elementor-heading-title elementor-size-default\">Susidom\u0117jote? <br>Susisiekite su mumis!<\/h2>\t\t\t\t<\/div>\n\t\t\t\t<\/div>\n\t\t\t\t<div class=\"elementor-element elementor-element-8f21b6d elementor-widget elementor-widget-text-editor\" data-id=\"8f21b6d\" data-element_type=\"widget\" data-widget_type=\"text-editor.default\">\n\t\t\t\t<div class=\"elementor-widget-container\">\n\t\t\t\t\t\t\t\t\t<p>De\u0161in\u0117je esan\u010dioje formoje palikite savo kontaktus ir netrukus su jumis susisieksime. Taip pat galite susisiekti su mumis naudodamiesi toliau nurodytais kontaktais.<\/p>\n\t\t\t\t\t\t\t\t<\/div>\n\t\t\t\t<\/div>\n\t\t\t\t<div class=\"elementor-element elementor-element-d35e38c elementor-widget elementor-widget-text-editor\" data-id=\"d35e38c\" data-element_type=\"widget\" data-widget_type=\"text-editor.default\">\n\t\t\t\t<div class=\"elementor-widget-container\">\n\t\t\t\t\t\t\t\t\t<h3>UAB &#8222;Waavo&#8221;<\/h3>\n<p>Ukmerg\u0117s 283B, LT-06313 Vilnius, Lietuva<br \/>Telefonas: <a href=\"tel:+370 614 88724\">+370 614 88724<\/a><br \/>Skype: jsc.waavo<br \/>El. pa\u0161tas: <a href=\"mailto:info@waavo.com\">info@waavo.com<\/a><\/p>\n\t\t\t\t\t\t\t\t<\/div>\n\t\t\t\t<\/div>\n\t\t\t\t\t<\/div>\n\t\t\t\t<\/div>\n\t\t\t\t\t<\/div>\n\t\t\t\t<\/div>\n\t\t<div class=\"elementor-element elementor-element-ad7f49a e-flex e-con-boxed e-con e-child\" data-id=\"ad7f49a\" data-element_type=\"container\">\n\t\t\t\t\t<div class=\"e-con-inner\">\n\t\t\t\t<div class=\"elementor-element elementor-element-82b255b elementor-widget elementor-widget-wpforms\" data-id=\"82b255b\" data-element_type=\"widget\" data-widget_type=\"wpforms.default\">\n\t\t\t\t<div class=\"elementor-widget-container\">\n\t\t\t\t\t<style id=\"wpforms-css-vars-elementor-widget-82b255b\">\n\t\t\t\t.elementor-widget-wpforms.elementor-element-82b255b {\n\t\t\t\t--wpforms-button-border-radius: 20px;\n--wpforms-button-background-color: #67C4F2;\n--wpforms-label-size-font-size: 18px;\n--wpforms-label-size-line-height: 21px;\n--wpforms-label-size-sublabel-font-size: 16px;\n--wpforms-label-size-sublabel-line-height: 19px;\n\t\t\t}\n\t\t\t<\/style><div class=\"wpforms-container wpforms-container-full wpforms-render-modern\" id=\"wpforms-808\"><form id=\"wpforms-form-808\" class=\"wpforms-validate wpforms-form wpforms-ajax-form\" data-formid=\"808\" method=\"post\" enctype=\"multipart\/form-data\" action=\"\/lt\/wp-json\/wp\/v2\/pages\/2198\" data-token=\"ad73b780073107cebf27e9b4416a2000\" data-token-time=\"1776220102\"><noscript class=\"wpforms-error-noscript\">Please enable JavaScript in your browser to complete this form.<\/noscript><div id=\"wpforms-error-noscript\" style=\"display: none;\">Please enable JavaScript in your browser to complete this form.<\/div><div class=\"wpforms-field-container\"><div id=\"wpforms-808-field_0-container\" class=\"wpforms-field wpforms-field-name\" data-field-id=\"0\"><label class=\"wpforms-field-label wpforms-label-hide\" for=\"wpforms-808-field_0\" aria-hidden=\"false\">Contact person <span class=\"wpforms-required-label\" aria-hidden=\"true\">*<\/span><\/label><input type=\"text\" id=\"wpforms-808-field_0\" class=\"wpforms-field-medium wpforms-field-required\" name=\"wpforms[fields][0]\" placeholder=\"Name\" aria-errormessage=\"wpforms-808-field_0-error\" required><\/div><div id=\"wpforms-808-field_1-container\" class=\"wpforms-field wpforms-field-email\" data-field-id=\"1\"><label class=\"wpforms-field-label wpforms-label-hide\" for=\"wpforms-808-field_1\" aria-hidden=\"false\">Email <span class=\"wpforms-required-label\" aria-hidden=\"true\">*<\/span><\/label><input type=\"email\" id=\"wpforms-808-field_1\" class=\"wpforms-field-medium wpforms-field-required\" name=\"wpforms[fields][1]\" placeholder=\"Email\" spellcheck=\"false\" aria-errormessage=\"wpforms-808-field_1-error\" required><\/div><div id=\"wpforms-808-field_3-container\" class=\"wpforms-field wpforms-field-text\" data-field-id=\"3\"><label class=\"wpforms-field-label wpforms-label-hide\" for=\"wpforms-808-field_3\" aria-hidden=\"false\">Phone<\/label><input type=\"text\" id=\"wpforms-808-field_3\" class=\"wpforms-field-medium\" name=\"wpforms[fields][3]\" placeholder=\"Phone\" aria-errormessage=\"wpforms-808-field_3-error\" ><\/div><div id=\"wpforms-808-field_4-container\" class=\"wpforms-field wpforms-field-text\" data-field-id=\"4\"><label class=\"wpforms-field-label wpforms-label-hide\" for=\"wpforms-808-field_4\" aria-hidden=\"false\">Agency name<\/label><input type=\"text\" id=\"wpforms-808-field_4\" class=\"wpforms-field-medium\" name=\"wpforms[fields][4]\" placeholder=\"Agency name\" aria-errormessage=\"wpforms-808-field_4-error\" ><\/div><div id=\"wpforms-808-field_2-container\" class=\"wpforms-field wpforms-field-textarea\" data-field-id=\"2\"><label class=\"wpforms-field-label wpforms-label-hide\" for=\"wpforms-808-field_2\" aria-hidden=\"false\">Message<\/label><textarea id=\"wpforms-808-field_2\" class=\"wpforms-field-medium\" name=\"wpforms[fields][2]\" placeholder=\"Message\" aria-errormessage=\"wpforms-808-field_2-error\" ><\/textarea><\/div><\/div><!-- .wpforms-field-container --><div class=\"wpforms-recaptcha-container wpforms-is-recaptcha wpforms-is-recaptcha-type-v3\" ><input type=\"hidden\" name=\"wpforms[recaptcha]\" value=\"\"><\/div><div class=\"wpforms-submit-container\" ><input type=\"hidden\" name=\"wpforms[id]\" value=\"808\"><input type=\"hidden\" name=\"page_title\" value=\"\"><input type=\"hidden\" name=\"page_url\" value=\"https:\/\/promo.waavo.com\/lt\/wp-json\/wp\/v2\/pages\/2198\"><input type=\"hidden\" name=\"url_referer\" value=\"\"><button type=\"submit\" name=\"wpforms[submit]\" id=\"wpforms-submit-808\" class=\"wpforms-submit\" data-alt-text=\"Sending...\" data-submit-text=\"Submit\" aria-live=\"assertive\" value=\"wpforms-submit\">Submit<\/button><img decoding=\"async\" src=\"https:\/\/promo.waavo.com\/wp-content\/plugins\/wpforms-lite\/assets\/images\/submit-spin.svg\" class=\"wpforms-submit-spinner\" style=\"display: none;\" width=\"26\" height=\"26\" alt=\"Loading\"><\/div><\/form><\/div>  <!-- .wpforms-container -->\t\t\t\t<\/div>\n\t\t\t\t<\/div>\n\t\t\t\t\t<\/div>\n\t\t\t\t<\/div>\n\t\t\t\t\t<\/div>\n\t\t\t\t<\/div>\n\t\t\t\t<\/div>\n\t\t","protected":false},"excerpt":{"rendered":"<p>Susisiekite Susidom\u0117jote? Susisiekite su mumis! De\u0161in\u0117je esan\u010dioje formoje palikite savo kontaktus ir netrukus su jumis susisieksime. Taip pat galite susisiekti su mumis naudodamiesi toliau nurodytais kontaktais. UAB &#8222;Waavo&#8221; Ukmerg\u0117s 283B, LT-06313 Vilnius, LietuvaTelefonas: +370 614 88724Skype: jsc.waavoEl. pa\u0161tas: info@waavo.com Please enable JavaScript in your browser to complete this form.Please enable JavaScript in your browser to [&hellip;]<\/p>\n","protected":false},"author":1,"featured_media":0,"parent":0,"menu_order":0,"comment_status":"closed","ping_status":"closed","template":"","meta":{"footnotes":""},"class_list":["post-2198","page","type-page","status-publish","hentry"],"yoast_head":"<!-- This site is optimized with the Yoast SEO plugin v26.0 - https:\/\/yoast.com\/wordpress\/plugins\/seo\/ -->\n<title>Susisiekite - Waavo<\/title>\n<meta name=\"robots\" content=\"index, follow, max-snippet:-1, max-image-preview:large, max-video-preview:-1\" \/>\n<link rel=\"canonical\" href=\"https:\/\/promo.waavo.com\/lt\/susisiekite\/\" \/>\n<meta property=\"og:locale\" content=\"lt_LT\" \/>\n<meta property=\"og:type\" content=\"article\" \/>\n<meta property=\"og:title\" content=\"Susisiekite - Waavo\" \/>\n<meta property=\"og:description\" content=\"Susisiekite Susidom\u0117jote? Susisiekite su mumis! De\u0161in\u0117je esan\u010dioje formoje palikite savo kontaktus ir netrukus su jumis susisieksime. Taip pat galite susisiekti su mumis naudodamiesi toliau nurodytais kontaktais. UAB &#8222;Waavo&#8221; Ukmerg\u0117s 283B, LT-06313 Vilnius, LietuvaTelefonas: +370 614 88724Skype: jsc.waavoEl. pa\u0161tas: info@waavo.com Please enable JavaScript in your browser to complete this form.Please enable JavaScript in your browser to [&hellip;]\" \/>\n<meta property=\"og:url\" content=\"https:\/\/promo.waavo.com\/lt\/susisiekite\/\" \/>\n<meta property=\"og:site_name\" content=\"Waavo\" \/>\n<meta property=\"article:modified_time\" content=\"2024-06-26T08:28:49+00:00\" \/>\n<meta property=\"og:image\" content=\"https:\/\/promo.waavo.com\/wp-content\/uploads\/2024\/06\/main-image-medium.png\" \/>\n<meta name=\"twitter:card\" content=\"summary_large_image\" \/>\n<script type=\"application\/ld+json\" class=\"yoast-schema-graph\">{\"@context\":\"https:\/\/schema.org\",\"@graph\":[{\"@type\":\"WebPage\",\"@id\":\"https:\/\/promo.waavo.com\/lt\/susisiekite\/\",\"url\":\"https:\/\/promo.waavo.com\/lt\/susisiekite\/\",\"name\":\"Susisiekite - Waavo\",\"isPartOf\":{\"@id\":\"https:\/\/promo.waavo.com\/lt\/#website\"},\"primaryImageOfPage\":{\"@id\":\"https:\/\/promo.waavo.com\/lt\/susisiekite\/#primaryimage\"},\"image\":{\"@id\":\"https:\/\/promo.waavo.com\/lt\/susisiekite\/#primaryimage\"},\"thumbnailUrl\":\"https:\/\/promo.waavo.com\/wp-content\/uploads\/2024\/06\/main-image-medium.png\",\"datePublished\":\"2024-06-06T09:39:51+00:00\",\"dateModified\":\"2024-06-26T08:28:49+00:00\",\"breadcrumb\":{\"@id\":\"https:\/\/promo.waavo.com\/lt\/susisiekite\/#breadcrumb\"},\"inLanguage\":\"lt-LT\",\"potentialAction\":[{\"@type\":\"ReadAction\",\"target\":[\"https:\/\/promo.waavo.com\/lt\/susisiekite\/\"]}]},{\"@type\":\"ImageObject\",\"inLanguage\":\"lt-LT\",\"@id\":\"https:\/\/promo.waavo.com\/lt\/susisiekite\/#primaryimage\",\"url\":\"https:\/\/promo.waavo.com\/wp-content\/uploads\/2024\/06\/main-image-medium.png\",\"contentUrl\":\"https:\/\/promo.waavo.com\/wp-content\/uploads\/2024\/06\/main-image-medium.png\"},{\"@type\":\"BreadcrumbList\",\"@id\":\"https:\/\/promo.waavo.com\/lt\/susisiekite\/#breadcrumb\",\"itemListElement\":[{\"@type\":\"ListItem\",\"position\":1,\"name\":\"Home\",\"item\":\"https:\/\/promo.waavo.com\/lt\/\"},{\"@type\":\"ListItem\",\"position\":2,\"name\":\"Susisiekite\"}]},{\"@type\":\"WebSite\",\"@id\":\"https:\/\/promo.waavo.com\/lt\/#website\",\"url\":\"https:\/\/promo.waavo.com\/lt\/\",\"name\":\"Waavo\",\"description\":\"\",\"publisher\":{\"@id\":\"https:\/\/promo.waavo.com\/lt\/#organization\"},\"potentialAction\":[{\"@type\":\"SearchAction\",\"target\":{\"@type\":\"EntryPoint\",\"urlTemplate\":\"https:\/\/promo.waavo.com\/lt\/?s={search_term_string}\"},\"query-input\":{\"@type\":\"PropertyValueSpecification\",\"valueRequired\":true,\"valueName\":\"search_term_string\"}}],\"inLanguage\":\"lt-LT\"},{\"@type\":\"Organization\",\"@id\":\"https:\/\/promo.waavo.com\/lt\/#organization\",\"name\":\"Waavo\",\"url\":\"https:\/\/promo.waavo.com\/lt\/\",\"logo\":{\"@type\":\"ImageObject\",\"inLanguage\":\"lt-LT\",\"@id\":\"https:\/\/promo.waavo.com\/lt\/#\/schema\/logo\/image\/\",\"url\":\"https:\/\/promo.waavo.com\/wp-content\/uploads\/2024\/01\/logo.svg\",\"contentUrl\":\"https:\/\/promo.waavo.com\/wp-content\/uploads\/2024\/01\/logo.svg\",\"width\":115,\"height\":19,\"caption\":\"Waavo\"},\"image\":{\"@id\":\"https:\/\/promo.waavo.com\/lt\/#\/schema\/logo\/image\/\"},\"sameAs\":[\"https:\/\/www.linkedin.com\/company\/waavo\/\"]}]}<\/script>\n<!-- \/ Yoast SEO plugin. -->","yoast_head_json":{"title":"Susisiekite - Waavo","robots":{"index":"index","follow":"follow","max-snippet":"max-snippet:-1","max-image-preview":"max-image-preview:large","max-video-preview":"max-video-preview:-1"},"canonical":"https:\/\/promo.waavo.com\/lt\/susisiekite\/","og_locale":"lt_LT","og_type":"article","og_title":"Susisiekite - Waavo","og_description":"Susisiekite Susidom\u0117jote? Susisiekite su mumis! De\u0161in\u0117je esan\u010dioje formoje palikite savo kontaktus ir netrukus su jumis susisieksime. Taip pat galite susisiekti su mumis naudodamiesi toliau nurodytais kontaktais. UAB &#8222;Waavo&#8221; Ukmerg\u0117s 283B, LT-06313 Vilnius, LietuvaTelefonas: +370 614 88724Skype: jsc.waavoEl. pa\u0161tas: info@waavo.com Please enable JavaScript in your browser to complete this form.Please enable JavaScript in your browser to [&hellip;]","og_url":"https:\/\/promo.waavo.com\/lt\/susisiekite\/","og_site_name":"Waavo","article_modified_time":"2024-06-26T08:28:49+00:00","og_image":[{"url":"https:\/\/promo.waavo.com\/wp-content\/uploads\/2024\/06\/main-image-medium.png","type":"","width":"","height":""}],"twitter_card":"summary_large_image","schema":{"@context":"https:\/\/schema.org","@graph":[{"@type":"WebPage","@id":"https:\/\/promo.waavo.com\/lt\/susisiekite\/","url":"https:\/\/promo.waavo.com\/lt\/susisiekite\/","name":"Susisiekite - Waavo","isPartOf":{"@id":"https:\/\/promo.waavo.com\/lt\/#website"},"primaryImageOfPage":{"@id":"https:\/\/promo.waavo.com\/lt\/susisiekite\/#primaryimage"},"image":{"@id":"https:\/\/promo.waavo.com\/lt\/susisiekite\/#primaryimage"},"thumbnailUrl":"https:\/\/promo.waavo.com\/wp-content\/uploads\/2024\/06\/main-image-medium.png","datePublished":"2024-06-06T09:39:51+00:00","dateModified":"2024-06-26T08:28:49+00:00","breadcrumb":{"@id":"https:\/\/promo.waavo.com\/lt\/susisiekite\/#breadcrumb"},"inLanguage":"lt-LT","potentialAction":[{"@type":"ReadAction","target":["https:\/\/promo.waavo.com\/lt\/susisiekite\/"]}]},{"@type":"ImageObject","inLanguage":"lt-LT","@id":"https:\/\/promo.waavo.com\/lt\/susisiekite\/#primaryimage","url":"https:\/\/promo.waavo.com\/wp-content\/uploads\/2024\/06\/main-image-medium.png","contentUrl":"https:\/\/promo.waavo.com\/wp-content\/uploads\/2024\/06\/main-image-medium.png"},{"@type":"BreadcrumbList","@id":"https:\/\/promo.waavo.com\/lt\/susisiekite\/#breadcrumb","itemListElement":[{"@type":"ListItem","position":1,"name":"Home","item":"https:\/\/promo.waavo.com\/lt\/"},{"@type":"ListItem","position":2,"name":"Susisiekite"}]},{"@type":"WebSite","@id":"https:\/\/promo.waavo.com\/lt\/#website","url":"https:\/\/promo.waavo.com\/lt\/","name":"Waavo","description":"","publisher":{"@id":"https:\/\/promo.waavo.com\/lt\/#organization"},"potentialAction":[{"@type":"SearchAction","target":{"@type":"EntryPoint","urlTemplate":"https:\/\/promo.waavo.com\/lt\/?s={search_term_string}"},"query-input":{"@type":"PropertyValueSpecification","valueRequired":true,"valueName":"search_term_string"}}],"inLanguage":"lt-LT"},{"@type":"Organization","@id":"https:\/\/promo.waavo.com\/lt\/#organization","name":"Waavo","url":"https:\/\/promo.waavo.com\/lt\/","logo":{"@type":"ImageObject","inLanguage":"lt-LT","@id":"https:\/\/promo.waavo.com\/lt\/#\/schema\/logo\/image\/","url":"https:\/\/promo.waavo.com\/wp-content\/uploads\/2024\/01\/logo.svg","contentUrl":"https:\/\/promo.waavo.com\/wp-content\/uploads\/2024\/01\/logo.svg","width":115,"height":19,"caption":"Waavo"},"image":{"@id":"https:\/\/promo.waavo.com\/lt\/#\/schema\/logo\/image\/"},"sameAs":["https:\/\/www.linkedin.com\/company\/waavo\/"]}]}},"_links":{"self":[{"href":"https:\/\/promo.waavo.com\/lt\/wp-json\/wp\/v2\/pages\/2198","targetHints":{"allow":["GET"]}}],"collection":[{"href":"https:\/\/promo.waavo.com\/lt\/wp-json\/wp\/v2\/pages"}],"about":[{"href":"https:\/\/promo.waavo.com\/lt\/wp-json\/wp\/v2\/types\/page"}],"author":[{"embeddable":true,"href":"https:\/\/promo.waavo.com\/lt\/wp-json\/wp\/v2\/users\/1"}],"replies":[{"embeddable":true,"href":"https:\/\/promo.waavo.com\/lt\/wp-json\/wp\/v2\/comments?post=2198"}],"version-history":[{"count":2,"href":"https:\/\/promo.waavo.com\/lt\/wp-json\/wp\/v2\/pages\/2198\/revisions"}],"predecessor-version":[{"id":2507,"href":"https:\/\/promo.waavo.com\/lt\/wp-json\/wp\/v2\/pages\/2198\/revisions\/2507"}],"wp:attachment":[{"href":"https:\/\/promo.waavo.com\/lt\/wp-json\/wp\/v2\/media?parent=2198"}],"curies":[{"name":"wp","href":"https:\/\/api.w.org\/{rel}","templated":true}]}}