{"id":2200,"date":"2024-06-10T10:00:48","date_gmt":"2024-06-10T07:00:48","guid":{"rendered":"https:\/\/promo.waavo.com\/apie-mus\/"},"modified":"2024-07-05T13:17:32","modified_gmt":"2024-07-05T10:17:32","slug":"apie-mus","status":"publish","type":"page","link":"https:\/\/promo.waavo.com\/lt\/apie-mus\/","title":{"rendered":"Apie mus"},"content":{"rendered":"\t\t<div data-elementor-type=\"wp-page\" data-elementor-id=\"2200\" class=\"elementor elementor-2200 elementor-1138\" data-elementor-post-type=\"page\">\n\t\t\t\t<div class=\"elementor-element elementor-element-b65b348 e-con-full e-flex e-con e-parent\" data-id=\"b65b348\" data-element_type=\"container\">\n\t\t<div class=\"elementor-element elementor-element-cb85a37 e-con-full e-flex e-con e-child\" data-id=\"cb85a37\" data-element_type=\"container\" data-settings=\"{&quot;background_background&quot;:&quot;classic&quot;}\">\n\t\t\t\t<div class=\"elementor-element elementor-element-f28d597 elementor-widget elementor-widget-heading\" data-id=\"f28d597\" data-element_type=\"widget\" data-widget_type=\"heading.default\">\n\t\t\t\t<div class=\"elementor-widget-container\">\n\t\t\t\t\t<h1 class=\"elementor-heading-title elementor-size-default\">Apie mus<\/h1>\t\t\t\t<\/div>\n\t\t\t\t<\/div>\n\t\t\t\t<\/div>\n\t\t<div class=\"elementor-element elementor-element-a5381bb e-con-full e-flex e-con e-child\" data-id=\"a5381bb\" data-element_type=\"container\">\n\t\t\t\t<div class=\"elementor-element elementor-element-76ffc26 elementor-widget elementor-widget-image\" data-id=\"76ffc26\" data-element_type=\"widget\" data-widget_type=\"image.default\">\n\t\t\t\t<div class=\"elementor-widget-container\">\n\t\t\t\t\t\t\t\t\t\t\t\t\t\t\t<img fetchpriority=\"high\" decoding=\"async\" width=\"800\" height=\"344\" src=\"https:\/\/promo.waavo.com\/wp-content\/uploads\/2024\/06\/main-image-medium.png\" class=\"attachment-large size-large wp-image-2203\" alt=\"Waavo\" srcset=\"https:\/\/promo.waavo.com\/wp-content\/uploads\/2024\/06\/main-image-medium.png 815w, https:\/\/promo.waavo.com\/wp-content\/uploads\/2024\/06\/main-image-medium-300x129.png 300w, https:\/\/promo.waavo.com\/wp-content\/uploads\/2024\/06\/main-image-medium-768x330.png 768w\" sizes=\"(max-width: 800px) 100vw, 800px\" \/>\t\t\t\t\t\t\t\t\t\t\t\t\t\t\t<\/div>\n\t\t\t\t<\/div>\n\t\t\t\t<\/div>\n\t\t\t\t<\/div>\n\t\t<div class=\"elementor-element elementor-element-bb72195 e-flex e-con-boxed e-con e-parent\" data-id=\"bb72195\" data-element_type=\"container\">\n\t\t\t\t\t<div class=\"e-con-inner\">\n\t\t\t\t<div class=\"elementor-element elementor-element-5442863 elementor-widget__width-initial elementor-widget elementor-widget-image\" data-id=\"5442863\" data-element_type=\"widget\" data-widget_type=\"image.default\">\n\t\t\t\t<div class=\"elementor-widget-container\">\n\t\t\t\t\t\t\t\t\t\t\t\t\t\t\t<img decoding=\"async\" width=\"1155\" height=\"783\" src=\"https:\/\/promo.waavo.com\/wp-content\/uploads\/2024\/06\/about-us-2.png\" class=\"attachment-full size-full wp-image-2205\" alt=\"\" srcset=\"https:\/\/promo.waavo.com\/wp-content\/uploads\/2024\/06\/about-us-2.png 1155w, https:\/\/promo.waavo.com\/wp-content\/uploads\/2024\/06\/about-us-2-300x203.png 300w, https:\/\/promo.waavo.com\/wp-content\/uploads\/2024\/06\/about-us-2-1024x694.png 1024w, https:\/\/promo.waavo.com\/wp-content\/uploads\/2024\/06\/about-us-2-768x521.png 768w\" sizes=\"(max-width: 1155px) 100vw, 1155px\" \/>\t\t\t\t\t\t\t\t\t\t\t\t\t\t\t<\/div>\n\t\t\t\t<\/div>\n\t\t<div class=\"elementor-element elementor-element-5a8ffbf e-con-full e-flex e-con e-child\" data-id=\"5a8ffbf\" data-element_type=\"container\">\n\t\t\t\t<div class=\"elementor-element elementor-element-305bd60 elementor-widget elementor-widget-heading\" data-id=\"305bd60\" data-element_type=\"widget\" data-widget_type=\"heading.default\">\n\t\t\t\t<div class=\"elementor-widget-container\">\n\t\t\t\t\t<h2 class=\"elementor-heading-title elementor-size-default\">M\u016bs\u0173 vizija<\/h2>\t\t\t\t<\/div>\n\t\t\t\t<\/div>\n\t\t\t\t<div class=\"elementor-element elementor-element-3d9936a elementor-widget elementor-widget-text-editor\" data-id=\"3d9936a\" data-element_type=\"widget\" data-widget_type=\"text-editor.default\">\n\t\t\t\t<div class=\"elementor-widget-container\">\n\t\t\t\t\t\t\t\t\t<p>&#8222;Waavo&#8221; misija &#8211; suteikti kelioni\u0173 agent\u016broms novatori\u0161k\u0105 technologij\u0105, kuri padeda vykdyti vis\u0105 pardavimo ir popardavimin\u012f proces\u0105 naudojant automatizuotas priekines ir galines sistemas. Si\u016blome dinami\u0161kus paketus, kuriuose derinami skryd\u017eiai ir vie\u0161bu\u010diai, taip pat atskirus vie\u0161bu\u010dio ir skryd\u017eio variantus, ir si\u016blome sinchronizavim\u0105 su kelioni\u0173 operatoriais, kad padidintume efektyvum\u0105 ir vert\u0119 savo klientams. Esame lengvas raktas \u012f turizmo pramon\u0119.<\/p>\n\t\t\t\t\t\t\t\t<\/div>\n\t\t\t\t<\/div>\n\t\t\t\t<\/div>\n\t\t\t\t\t<\/div>\n\t\t\t\t<\/div>\n\t\t<div class=\"elementor-element elementor-element-b86f71e e-flex e-con-boxed e-con e-parent\" data-id=\"b86f71e\" data-element_type=\"container\">\n\t\t\t\t\t<div class=\"e-con-inner\">\n\t\t<div class=\"elementor-element elementor-element-b00d837 e-con-full e-flex e-con e-child\" data-id=\"b00d837\" data-element_type=\"container\">\n\t\t\t\t<div class=\"elementor-element elementor-element-728cfee elementor-widget elementor-widget-heading\" data-id=\"728cfee\" data-element_type=\"widget\" data-widget_type=\"heading.default\">\n\t\t\t\t<div class=\"elementor-widget-container\">\n\t\t\t\t\t<h2 class=\"elementor-heading-title elementor-size-default\">M\u016bs\u0173 vizija<\/h2>\t\t\t\t<\/div>\n\t\t\t\t<\/div>\n\t\t\t\t<div class=\"elementor-element elementor-element-e943fa5 elementor-widget elementor-widget-text-editor\" data-id=\"e943fa5\" data-element_type=\"widget\" data-widget_type=\"text-editor.default\">\n\t\t\t\t<div class=\"elementor-widget-container\">\n\t\t\t\t\t\t\t\t\t<p>&#8222;Waavo&#8221; misija &#8211; suteikti kelioni\u0173 agent\u016broms novatori\u0161k\u0105 technologij\u0105, kuri padeda vykdyti vis\u0105 pardavimo ir popardavimin\u012f proces\u0105 naudojant automatizuotas priekines ir galines sistemas. Si\u016blome dinami\u0161kus paketus, kuriuose derinami skryd\u017eiai ir vie\u0161bu\u010diai, taip pat atskirus vie\u0161bu\u010dio ir skryd\u017eio variantus, ir si\u016blome sinchronizavim\u0105 su kelioni\u0173 operatoriais, kad padidintume efektyvum\u0105 ir vert\u0119 savo klientams. Esame lengvas raktas \u012f turizmo pramon\u0119.<\/p>\n\t\t\t\t\t\t\t\t<\/div>\n\t\t\t\t<\/div>\n\t\t\t\t<\/div>\n\t\t\t\t<div class=\"elementor-element elementor-element-a40ae13 elementor-widget elementor-widget-image\" data-id=\"a40ae13\" data-element_type=\"widget\" data-widget_type=\"image.default\">\n\t\t\t\t<div class=\"elementor-widget-container\">\n\t\t\t\t\t\t\t\t\t\t\t\t\t\t\t<img decoding=\"async\" width=\"1155\" height=\"783\" src=\"https:\/\/promo.waavo.com\/wp-content\/uploads\/2024\/06\/about-us-1.png\" class=\"attachment-full size-full wp-image-2204\" alt=\"\" srcset=\"https:\/\/promo.waavo.com\/wp-content\/uploads\/2024\/06\/about-us-1.png 1155w, https:\/\/promo.waavo.com\/wp-content\/uploads\/2024\/06\/about-us-1-300x203.png 300w, https:\/\/promo.waavo.com\/wp-content\/uploads\/2024\/06\/about-us-1-1024x694.png 1024w, https:\/\/promo.waavo.com\/wp-content\/uploads\/2024\/06\/about-us-1-768x521.png 768w\" sizes=\"(max-width: 1155px) 100vw, 1155px\" \/>\t\t\t\t\t\t\t\t\t\t\t\t\t\t\t<\/div>\n\t\t\t\t<\/div>\n\t\t\t\t\t<\/div>\n\t\t\t\t<\/div>\n\t\t\t\t<\/div>\n\t\t","protected":false},"excerpt":{"rendered":"<p>Apie mus M\u016bs\u0173 vizija &#8222;Waavo&#8221; misija &#8211; suteikti kelioni\u0173 agent\u016broms novatori\u0161k\u0105 technologij\u0105, kuri padeda vykdyti vis\u0105 pardavimo ir popardavimin\u012f proces\u0105 naudojant automatizuotas priekines ir galines sistemas. Si\u016blome dinami\u0161kus paketus, kuriuose derinami skryd\u017eiai ir vie\u0161bu\u010diai, taip pat atskirus vie\u0161bu\u010dio ir skryd\u017eio variantus, ir si\u016blome sinchronizavim\u0105 su kelioni\u0173 operatoriais, kad padidintume efektyvum\u0105 ir vert\u0119 savo klientams. Esame [&hellip;]<\/p>\n","protected":false},"author":1,"featured_media":0,"parent":0,"menu_order":0,"comment_status":"closed","ping_status":"closed","template":"","meta":{"footnotes":""},"class_list":["post-2200","page","type-page","status-publish","hentry"],"yoast_head":"<!-- This site is optimized with the Yoast SEO plugin v26.0 - https:\/\/yoast.com\/wordpress\/plugins\/seo\/ -->\n<title>Apie mus - Waavo<\/title>\n<meta name=\"robots\" content=\"index, follow, max-snippet:-1, max-image-preview:large, max-video-preview:-1\" \/>\n<link rel=\"canonical\" href=\"https:\/\/promo.waavo.com\/lt\/apie-mus\/\" \/>\n<meta property=\"og:locale\" content=\"lt_LT\" \/>\n<meta property=\"og:type\" content=\"article\" \/>\n<meta property=\"og:title\" content=\"Apie mus - Waavo\" \/>\n<meta property=\"og:description\" content=\"Apie mus M\u016bs\u0173 vizija &#8222;Waavo&#8221; misija &#8211; suteikti kelioni\u0173 agent\u016broms novatori\u0161k\u0105 technologij\u0105, kuri padeda vykdyti vis\u0105 pardavimo ir popardavimin\u012f proces\u0105 naudojant automatizuotas priekines ir galines sistemas. Si\u016blome dinami\u0161kus paketus, kuriuose derinami skryd\u017eiai ir vie\u0161bu\u010diai, taip pat atskirus vie\u0161bu\u010dio ir skryd\u017eio variantus, ir si\u016blome sinchronizavim\u0105 su kelioni\u0173 operatoriais, kad padidintume efektyvum\u0105 ir vert\u0119 savo klientams. Esame [&hellip;]\" \/>\n<meta property=\"og:url\" content=\"https:\/\/promo.waavo.com\/lt\/apie-mus\/\" \/>\n<meta property=\"og:site_name\" content=\"Waavo\" \/>\n<meta property=\"article:modified_time\" content=\"2024-07-05T10:17:32+00:00\" \/>\n<meta property=\"og:image\" content=\"https:\/\/promo.waavo.com\/wp-content\/uploads\/2024\/06\/main-image-medium.png\" \/>\n<meta name=\"twitter:card\" content=\"summary_large_image\" \/>\n<meta name=\"twitter:label1\" content=\"Est. reading time\" \/>\n\t<meta name=\"twitter:data1\" content=\"1 minut\u0117\" \/>\n<script type=\"application\/ld+json\" class=\"yoast-schema-graph\">{\"@context\":\"https:\/\/schema.org\",\"@graph\":[{\"@type\":\"WebPage\",\"@id\":\"https:\/\/promo.waavo.com\/lt\/apie-mus\/\",\"url\":\"https:\/\/promo.waavo.com\/lt\/apie-mus\/\",\"name\":\"Apie mus - Waavo\",\"isPartOf\":{\"@id\":\"https:\/\/promo.waavo.com\/lt\/#website\"},\"primaryImageOfPage\":{\"@id\":\"https:\/\/promo.waavo.com\/lt\/apie-mus\/#primaryimage\"},\"image\":{\"@id\":\"https:\/\/promo.waavo.com\/lt\/apie-mus\/#primaryimage\"},\"thumbnailUrl\":\"https:\/\/promo.waavo.com\/wp-content\/uploads\/2024\/06\/main-image-medium.png\",\"datePublished\":\"2024-06-10T07:00:48+00:00\",\"dateModified\":\"2024-07-05T10:17:32+00:00\",\"breadcrumb\":{\"@id\":\"https:\/\/promo.waavo.com\/lt\/apie-mus\/#breadcrumb\"},\"inLanguage\":\"lt-LT\",\"potentialAction\":[{\"@type\":\"ReadAction\",\"target\":[\"https:\/\/promo.waavo.com\/lt\/apie-mus\/\"]}]},{\"@type\":\"ImageObject\",\"inLanguage\":\"lt-LT\",\"@id\":\"https:\/\/promo.waavo.com\/lt\/apie-mus\/#primaryimage\",\"url\":\"https:\/\/promo.waavo.com\/wp-content\/uploads\/2024\/06\/main-image-medium.png\",\"contentUrl\":\"https:\/\/promo.waavo.com\/wp-content\/uploads\/2024\/06\/main-image-medium.png\"},{\"@type\":\"BreadcrumbList\",\"@id\":\"https:\/\/promo.waavo.com\/lt\/apie-mus\/#breadcrumb\",\"itemListElement\":[{\"@type\":\"ListItem\",\"position\":1,\"name\":\"Home\",\"item\":\"https:\/\/promo.waavo.com\/lt\/\"},{\"@type\":\"ListItem\",\"position\":2,\"name\":\"Apie mus\"}]},{\"@type\":\"WebSite\",\"@id\":\"https:\/\/promo.waavo.com\/lt\/#website\",\"url\":\"https:\/\/promo.waavo.com\/lt\/\",\"name\":\"Waavo\",\"description\":\"\",\"publisher\":{\"@id\":\"https:\/\/promo.waavo.com\/lt\/#organization\"},\"potentialAction\":[{\"@type\":\"SearchAction\",\"target\":{\"@type\":\"EntryPoint\",\"urlTemplate\":\"https:\/\/promo.waavo.com\/lt\/?s={search_term_string}\"},\"query-input\":{\"@type\":\"PropertyValueSpecification\",\"valueRequired\":true,\"valueName\":\"search_term_string\"}}],\"inLanguage\":\"lt-LT\"},{\"@type\":\"Organization\",\"@id\":\"https:\/\/promo.waavo.com\/lt\/#organization\",\"name\":\"Waavo\",\"url\":\"https:\/\/promo.waavo.com\/lt\/\",\"logo\":{\"@type\":\"ImageObject\",\"inLanguage\":\"lt-LT\",\"@id\":\"https:\/\/promo.waavo.com\/lt\/#\/schema\/logo\/image\/\",\"url\":\"https:\/\/promo.waavo.com\/wp-content\/uploads\/2024\/01\/logo.svg\",\"contentUrl\":\"https:\/\/promo.waavo.com\/wp-content\/uploads\/2024\/01\/logo.svg\",\"width\":115,\"height\":19,\"caption\":\"Waavo\"},\"image\":{\"@id\":\"https:\/\/promo.waavo.com\/lt\/#\/schema\/logo\/image\/\"},\"sameAs\":[\"https:\/\/www.linkedin.com\/company\/waavo\/\"]}]}<\/script>\n<!-- \/ Yoast SEO plugin. -->","yoast_head_json":{"title":"Apie mus - Waavo","robots":{"index":"index","follow":"follow","max-snippet":"max-snippet:-1","max-image-preview":"max-image-preview:large","max-video-preview":"max-video-preview:-1"},"canonical":"https:\/\/promo.waavo.com\/lt\/apie-mus\/","og_locale":"lt_LT","og_type":"article","og_title":"Apie mus - Waavo","og_description":"Apie mus M\u016bs\u0173 vizija &#8222;Waavo&#8221; misija &#8211; suteikti kelioni\u0173 agent\u016broms novatori\u0161k\u0105 technologij\u0105, kuri padeda vykdyti vis\u0105 pardavimo ir popardavimin\u012f proces\u0105 naudojant automatizuotas priekines ir galines sistemas. Si\u016blome dinami\u0161kus paketus, kuriuose derinami skryd\u017eiai ir vie\u0161bu\u010diai, taip pat atskirus vie\u0161bu\u010dio ir skryd\u017eio variantus, ir si\u016blome sinchronizavim\u0105 su kelioni\u0173 operatoriais, kad padidintume efektyvum\u0105 ir vert\u0119 savo klientams. Esame [&hellip;]","og_url":"https:\/\/promo.waavo.com\/lt\/apie-mus\/","og_site_name":"Waavo","article_modified_time":"2024-07-05T10:17:32+00:00","og_image":[{"url":"https:\/\/promo.waavo.com\/wp-content\/uploads\/2024\/06\/main-image-medium.png","type":"","width":"","height":""}],"twitter_card":"summary_large_image","twitter_misc":{"Est. reading time":"1 minut\u0117"},"schema":{"@context":"https:\/\/schema.org","@graph":[{"@type":"WebPage","@id":"https:\/\/promo.waavo.com\/lt\/apie-mus\/","url":"https:\/\/promo.waavo.com\/lt\/apie-mus\/","name":"Apie mus - Waavo","isPartOf":{"@id":"https:\/\/promo.waavo.com\/lt\/#website"},"primaryImageOfPage":{"@id":"https:\/\/promo.waavo.com\/lt\/apie-mus\/#primaryimage"},"image":{"@id":"https:\/\/promo.waavo.com\/lt\/apie-mus\/#primaryimage"},"thumbnailUrl":"https:\/\/promo.waavo.com\/wp-content\/uploads\/2024\/06\/main-image-medium.png","datePublished":"2024-06-10T07:00:48+00:00","dateModified":"2024-07-05T10:17:32+00:00","breadcrumb":{"@id":"https:\/\/promo.waavo.com\/lt\/apie-mus\/#breadcrumb"},"inLanguage":"lt-LT","potentialAction":[{"@type":"ReadAction","target":["https:\/\/promo.waavo.com\/lt\/apie-mus\/"]}]},{"@type":"ImageObject","inLanguage":"lt-LT","@id":"https:\/\/promo.waavo.com\/lt\/apie-mus\/#primaryimage","url":"https:\/\/promo.waavo.com\/wp-content\/uploads\/2024\/06\/main-image-medium.png","contentUrl":"https:\/\/promo.waavo.com\/wp-content\/uploads\/2024\/06\/main-image-medium.png"},{"@type":"BreadcrumbList","@id":"https:\/\/promo.waavo.com\/lt\/apie-mus\/#breadcrumb","itemListElement":[{"@type":"ListItem","position":1,"name":"Home","item":"https:\/\/promo.waavo.com\/lt\/"},{"@type":"ListItem","position":2,"name":"Apie mus"}]},{"@type":"WebSite","@id":"https:\/\/promo.waavo.com\/lt\/#website","url":"https:\/\/promo.waavo.com\/lt\/","name":"Waavo","description":"","publisher":{"@id":"https:\/\/promo.waavo.com\/lt\/#organization"},"potentialAction":[{"@type":"SearchAction","target":{"@type":"EntryPoint","urlTemplate":"https:\/\/promo.waavo.com\/lt\/?s={search_term_string}"},"query-input":{"@type":"PropertyValueSpecification","valueRequired":true,"valueName":"search_term_string"}}],"inLanguage":"lt-LT"},{"@type":"Organization","@id":"https:\/\/promo.waavo.com\/lt\/#organization","name":"Waavo","url":"https:\/\/promo.waavo.com\/lt\/","logo":{"@type":"ImageObject","inLanguage":"lt-LT","@id":"https:\/\/promo.waavo.com\/lt\/#\/schema\/logo\/image\/","url":"https:\/\/promo.waavo.com\/wp-content\/uploads\/2024\/01\/logo.svg","contentUrl":"https:\/\/promo.waavo.com\/wp-content\/uploads\/2024\/01\/logo.svg","width":115,"height":19,"caption":"Waavo"},"image":{"@id":"https:\/\/promo.waavo.com\/lt\/#\/schema\/logo\/image\/"},"sameAs":["https:\/\/www.linkedin.com\/company\/waavo\/"]}]}},"_links":{"self":[{"href":"https:\/\/promo.waavo.com\/lt\/wp-json\/wp\/v2\/pages\/2200","targetHints":{"allow":["GET"]}}],"collection":[{"href":"https:\/\/promo.waavo.com\/lt\/wp-json\/wp\/v2\/pages"}],"about":[{"href":"https:\/\/promo.waavo.com\/lt\/wp-json\/wp\/v2\/types\/page"}],"author":[{"embeddable":true,"href":"https:\/\/promo.waavo.com\/lt\/wp-json\/wp\/v2\/users\/1"}],"replies":[{"embeddable":true,"href":"https:\/\/promo.waavo.com\/lt\/wp-json\/wp\/v2\/comments?post=2200"}],"version-history":[{"count":2,"href":"https:\/\/promo.waavo.com\/lt\/wp-json\/wp\/v2\/pages\/2200\/revisions"}],"predecessor-version":[{"id":3203,"href":"https:\/\/promo.waavo.com\/lt\/wp-json\/wp\/v2\/pages\/2200\/revisions\/3203"}],"wp:attachment":[{"href":"https:\/\/promo.waavo.com\/lt\/wp-json\/wp\/v2\/media?parent=2200"}],"curies":[{"name":"wp","href":"https:\/\/api.w.org\/{rel}","templated":true}]}}