{"id":2220,"date":"2024-06-17T09:57:30","date_gmt":"2024-06-17T06:57:30","guid":{"rendered":"https:\/\/promo.waavo.com\/skrydzis-viesbutis-demonstracine-versija\/skrydis-viesbutis-demo-graikija\/"},"modified":"2024-06-25T12:31:17","modified_gmt":"2024-06-25T09:31:17","slug":"skrydis-viesbutis-demo-graikija","status":"publish","type":"page","link":"https:\/\/promo.waavo.com\/lt\/skrydis-viesbutis-demo-graikija\/","title":{"rendered":"Skrydis + vie\u0161butis DEMO GRAIKIJA"},"content":{"rendered":"\t\t<div data-elementor-type=\"wp-page\" data-elementor-id=\"2220\" class=\"elementor elementor-2220 elementor-2044\" data-elementor-post-type=\"page\">\n\t\t\t\t<div class=\"elementor-element elementor-element-279865e e-grid e-con-full e-con e-parent\" data-id=\"279865e\" data-element_type=\"container\">\n\t\t<div class=\"elementor-element elementor-element-51702712 e-con-full e-flex e-con e-child\" data-id=\"51702712\" data-element_type=\"container\" data-settings=\"{&quot;background_background&quot;:&quot;classic&quot;}\">\n\t\t\t\t<div class=\"elementor-element elementor-element-1559b966 elementor-widget elementor-widget-heading\" data-id=\"1559b966\" data-element_type=\"widget\" data-widget_type=\"heading.default\">\n\t\t\t\t<div class=\"elementor-widget-container\">\n\t\t\t\t\t<h1 class=\"elementor-heading-title elementor-size-default\">Demonstracin\u0117 versija: Graikija<\/h1>\t\t\t\t<\/div>\n\t\t\t\t<\/div>\n\t\t\t\t<\/div>\n\t\t<div class=\"elementor-element elementor-element-ca53dfa e-flex e-con-boxed e-con e-child\" data-id=\"ca53dfa\" data-element_type=\"container\" data-settings=\"{&quot;background_background&quot;:&quot;classic&quot;}\">\n\t\t\t\t\t<div class=\"e-con-inner\">\n\t\t\t\t<div class=\"elementor-element elementor-element-5df84c6 elementor-widget elementor-widget-text-editor\" data-id=\"5df84c6\" data-element_type=\"widget\" data-widget_type=\"text-editor.default\">\n\t\t\t\t<div class=\"elementor-widget-container\">\n\t\t\t\t\t\t\t\t\t<p class=\"demo-warning-message\"><strong style=\"color: var( --e-global-color-secondary ); font-family: var( --e-global-typography-text-font-family ), Sans-serif; background-color: var( --e-global-color-b028e8a );\"><img decoding=\"async\" class=\"alignnone size-full wp-image-2291\" src=\"https:\/\/promo.waavo.com\/wp-content\/uploads\/2024\/06\/icon-warning-circle.svg\" alt=\"\" width=\"18\" height=\"18\"> Tai demonstracin\u0117 sistemos versija! Rezervacijos negalimos!<\/strong><\/p>\n\t\t\t\t\t\t\t\t<\/div>\n\t\t\t\t<\/div>\n\t\t\t\t\t<\/div>\n\t\t\t\t<\/div>\n\t\t\t\t<\/div>\n\t\t<div class=\"elementor-element elementor-element-69e6f0b e-grid e-con-full e-con e-parent\" data-id=\"69e6f0b\" data-element_type=\"container\">\n\t\t\t\t<div class=\"elementor-element elementor-element-8dd759d elementor-widget elementor-widget-html\" data-id=\"8dd759d\" data-element_type=\"widget\" data-widget_type=\"html.default\">\n\t\t\t\t<div class=\"elementor-widget-container\">\n\t\t\t\t\t<div id=\"waavo-insert-iframe\" class=\"waavo-iframes\" data-cookie-agreement=\"0\" data-https=\"true\" data-host=\"demoel.waavo.com\" data-language=\"ell\" data-url=\"\/travels_search\"><\/div>\n                <script type=\"text\/javascript\" src=\"https:\/\/www.waavo.com\/js\/waavo_loader.min.js\"><\/script>\t\t\t\t<\/div>\n\t\t\t\t<\/div>\n\t\t\t\t<\/div>\n\t\t\t\t<\/div>\n\t\t","protected":false},"excerpt":{"rendered":"<p>Demonstracin\u0117 versija: Graikija Tai demonstracin\u0117 sistemos versija! Rezervacijos negalimos!<\/p>\n","protected":false},"author":1,"featured_media":0,"parent":0,"menu_order":0,"comment_status":"closed","ping_status":"closed","template":"","meta":{"footnotes":""},"class_list":["post-2220","page","type-page","status-publish","hentry"],"yoast_head":"<!-- This site is optimized with the Yoast SEO plugin v26.0 - https:\/\/yoast.com\/wordpress\/plugins\/seo\/ -->\n<title>Skrydis + vie\u0161butis DEMO GRAIKIJA - Waavo<\/title>\n<meta name=\"robots\" content=\"index, follow, max-snippet:-1, max-image-preview:large, max-video-preview:-1\" \/>\n<link rel=\"canonical\" href=\"https:\/\/promo.waavo.com\/lt\/skrydis-viesbutis-demo-graikija\/\" \/>\n<meta property=\"og:locale\" content=\"lt_LT\" \/>\n<meta property=\"og:type\" content=\"article\" \/>\n<meta property=\"og:title\" content=\"Skrydis + vie\u0161butis DEMO GRAIKIJA - Waavo\" \/>\n<meta property=\"og:description\" content=\"Demonstracin\u0117 versija: Graikija Tai demonstracin\u0117 sistemos versija! Rezervacijos negalimos!\" \/>\n<meta property=\"og:url\" content=\"https:\/\/promo.waavo.com\/lt\/skrydis-viesbutis-demo-graikija\/\" \/>\n<meta property=\"og:site_name\" content=\"Waavo\" \/>\n<meta property=\"article:modified_time\" content=\"2024-06-25T09:31:17+00:00\" \/>\n<meta property=\"og:image\" content=\"https:\/\/promo.waavo.com\/wp-content\/uploads\/2024\/06\/icon-warning-circle.svg\" \/>\n<meta name=\"twitter:card\" content=\"summary_large_image\" \/>\n<script type=\"application\/ld+json\" class=\"yoast-schema-graph\">{\"@context\":\"https:\/\/schema.org\",\"@graph\":[{\"@type\":\"WebPage\",\"@id\":\"https:\/\/promo.waavo.com\/lt\/skrydis-viesbutis-demo-graikija\/\",\"url\":\"https:\/\/promo.waavo.com\/lt\/skrydis-viesbutis-demo-graikija\/\",\"name\":\"Skrydis + vie\u0161butis DEMO GRAIKIJA - Waavo\",\"isPartOf\":{\"@id\":\"https:\/\/promo.waavo.com\/lt\/#website\"},\"primaryImageOfPage\":{\"@id\":\"https:\/\/promo.waavo.com\/lt\/skrydis-viesbutis-demo-graikija\/#primaryimage\"},\"image\":{\"@id\":\"https:\/\/promo.waavo.com\/lt\/skrydis-viesbutis-demo-graikija\/#primaryimage\"},\"thumbnailUrl\":\"https:\/\/promo.waavo.com\/wp-content\/uploads\/2024\/06\/icon-warning-circle.svg\",\"datePublished\":\"2024-06-17T06:57:30+00:00\",\"dateModified\":\"2024-06-25T09:31:17+00:00\",\"breadcrumb\":{\"@id\":\"https:\/\/promo.waavo.com\/lt\/skrydis-viesbutis-demo-graikija\/#breadcrumb\"},\"inLanguage\":\"lt-LT\",\"potentialAction\":[{\"@type\":\"ReadAction\",\"target\":[\"https:\/\/promo.waavo.com\/lt\/skrydis-viesbutis-demo-graikija\/\"]}]},{\"@type\":\"ImageObject\",\"inLanguage\":\"lt-LT\",\"@id\":\"https:\/\/promo.waavo.com\/lt\/skrydis-viesbutis-demo-graikija\/#primaryimage\",\"url\":\"https:\/\/promo.waavo.com\/wp-content\/uploads\/2024\/06\/icon-warning-circle.svg\",\"contentUrl\":\"https:\/\/promo.waavo.com\/wp-content\/uploads\/2024\/06\/icon-warning-circle.svg\"},{\"@type\":\"BreadcrumbList\",\"@id\":\"https:\/\/promo.waavo.com\/lt\/skrydis-viesbutis-demo-graikija\/#breadcrumb\",\"itemListElement\":[{\"@type\":\"ListItem\",\"position\":1,\"name\":\"Home\",\"item\":\"https:\/\/promo.waavo.com\/lt\/\"},{\"@type\":\"ListItem\",\"position\":2,\"name\":\"Skrydis + vie\u0161butis DEMO GRAIKIJA\"}]},{\"@type\":\"WebSite\",\"@id\":\"https:\/\/promo.waavo.com\/lt\/#website\",\"url\":\"https:\/\/promo.waavo.com\/lt\/\",\"name\":\"Waavo\",\"description\":\"\",\"publisher\":{\"@id\":\"https:\/\/promo.waavo.com\/lt\/#organization\"},\"potentialAction\":[{\"@type\":\"SearchAction\",\"target\":{\"@type\":\"EntryPoint\",\"urlTemplate\":\"https:\/\/promo.waavo.com\/lt\/?s={search_term_string}\"},\"query-input\":{\"@type\":\"PropertyValueSpecification\",\"valueRequired\":true,\"valueName\":\"search_term_string\"}}],\"inLanguage\":\"lt-LT\"},{\"@type\":\"Organization\",\"@id\":\"https:\/\/promo.waavo.com\/lt\/#organization\",\"name\":\"Waavo\",\"url\":\"https:\/\/promo.waavo.com\/lt\/\",\"logo\":{\"@type\":\"ImageObject\",\"inLanguage\":\"lt-LT\",\"@id\":\"https:\/\/promo.waavo.com\/lt\/#\/schema\/logo\/image\/\",\"url\":\"https:\/\/promo.waavo.com\/wp-content\/uploads\/2024\/01\/logo.svg\",\"contentUrl\":\"https:\/\/promo.waavo.com\/wp-content\/uploads\/2024\/01\/logo.svg\",\"width\":115,\"height\":19,\"caption\":\"Waavo\"},\"image\":{\"@id\":\"https:\/\/promo.waavo.com\/lt\/#\/schema\/logo\/image\/\"},\"sameAs\":[\"https:\/\/www.linkedin.com\/company\/waavo\/\"]}]}<\/script>\n<!-- \/ Yoast SEO plugin. -->","yoast_head_json":{"title":"Skrydis + vie\u0161butis DEMO GRAIKIJA - Waavo","robots":{"index":"index","follow":"follow","max-snippet":"max-snippet:-1","max-image-preview":"max-image-preview:large","max-video-preview":"max-video-preview:-1"},"canonical":"https:\/\/promo.waavo.com\/lt\/skrydis-viesbutis-demo-graikija\/","og_locale":"lt_LT","og_type":"article","og_title":"Skrydis + vie\u0161butis DEMO GRAIKIJA - Waavo","og_description":"Demonstracin\u0117 versija: Graikija Tai demonstracin\u0117 sistemos versija! Rezervacijos negalimos!","og_url":"https:\/\/promo.waavo.com\/lt\/skrydis-viesbutis-demo-graikija\/","og_site_name":"Waavo","article_modified_time":"2024-06-25T09:31:17+00:00","og_image":[{"url":"https:\/\/promo.waavo.com\/wp-content\/uploads\/2024\/06\/icon-warning-circle.svg","type":"","width":"","height":""}],"twitter_card":"summary_large_image","schema":{"@context":"https:\/\/schema.org","@graph":[{"@type":"WebPage","@id":"https:\/\/promo.waavo.com\/lt\/skrydis-viesbutis-demo-graikija\/","url":"https:\/\/promo.waavo.com\/lt\/skrydis-viesbutis-demo-graikija\/","name":"Skrydis + vie\u0161butis DEMO GRAIKIJA - Waavo","isPartOf":{"@id":"https:\/\/promo.waavo.com\/lt\/#website"},"primaryImageOfPage":{"@id":"https:\/\/promo.waavo.com\/lt\/skrydis-viesbutis-demo-graikija\/#primaryimage"},"image":{"@id":"https:\/\/promo.waavo.com\/lt\/skrydis-viesbutis-demo-graikija\/#primaryimage"},"thumbnailUrl":"https:\/\/promo.waavo.com\/wp-content\/uploads\/2024\/06\/icon-warning-circle.svg","datePublished":"2024-06-17T06:57:30+00:00","dateModified":"2024-06-25T09:31:17+00:00","breadcrumb":{"@id":"https:\/\/promo.waavo.com\/lt\/skrydis-viesbutis-demo-graikija\/#breadcrumb"},"inLanguage":"lt-LT","potentialAction":[{"@type":"ReadAction","target":["https:\/\/promo.waavo.com\/lt\/skrydis-viesbutis-demo-graikija\/"]}]},{"@type":"ImageObject","inLanguage":"lt-LT","@id":"https:\/\/promo.waavo.com\/lt\/skrydis-viesbutis-demo-graikija\/#primaryimage","url":"https:\/\/promo.waavo.com\/wp-content\/uploads\/2024\/06\/icon-warning-circle.svg","contentUrl":"https:\/\/promo.waavo.com\/wp-content\/uploads\/2024\/06\/icon-warning-circle.svg"},{"@type":"BreadcrumbList","@id":"https:\/\/promo.waavo.com\/lt\/skrydis-viesbutis-demo-graikija\/#breadcrumb","itemListElement":[{"@type":"ListItem","position":1,"name":"Home","item":"https:\/\/promo.waavo.com\/lt\/"},{"@type":"ListItem","position":2,"name":"Skrydis + vie\u0161butis DEMO GRAIKIJA"}]},{"@type":"WebSite","@id":"https:\/\/promo.waavo.com\/lt\/#website","url":"https:\/\/promo.waavo.com\/lt\/","name":"Waavo","description":"","publisher":{"@id":"https:\/\/promo.waavo.com\/lt\/#organization"},"potentialAction":[{"@type":"SearchAction","target":{"@type":"EntryPoint","urlTemplate":"https:\/\/promo.waavo.com\/lt\/?s={search_term_string}"},"query-input":{"@type":"PropertyValueSpecification","valueRequired":true,"valueName":"search_term_string"}}],"inLanguage":"lt-LT"},{"@type":"Organization","@id":"https:\/\/promo.waavo.com\/lt\/#organization","name":"Waavo","url":"https:\/\/promo.waavo.com\/lt\/","logo":{"@type":"ImageObject","inLanguage":"lt-LT","@id":"https:\/\/promo.waavo.com\/lt\/#\/schema\/logo\/image\/","url":"https:\/\/promo.waavo.com\/wp-content\/uploads\/2024\/01\/logo.svg","contentUrl":"https:\/\/promo.waavo.com\/wp-content\/uploads\/2024\/01\/logo.svg","width":115,"height":19,"caption":"Waavo"},"image":{"@id":"https:\/\/promo.waavo.com\/lt\/#\/schema\/logo\/image\/"},"sameAs":["https:\/\/www.linkedin.com\/company\/waavo\/"]}]}},"_links":{"self":[{"href":"https:\/\/promo.waavo.com\/lt\/wp-json\/wp\/v2\/pages\/2220","targetHints":{"allow":["GET"]}}],"collection":[{"href":"https:\/\/promo.waavo.com\/lt\/wp-json\/wp\/v2\/pages"}],"about":[{"href":"https:\/\/promo.waavo.com\/lt\/wp-json\/wp\/v2\/types\/page"}],"author":[{"embeddable":true,"href":"https:\/\/promo.waavo.com\/lt\/wp-json\/wp\/v2\/users\/1"}],"replies":[{"embeddable":true,"href":"https:\/\/promo.waavo.com\/lt\/wp-json\/wp\/v2\/comments?post=2220"}],"version-history":[{"count":3,"href":"https:\/\/promo.waavo.com\/lt\/wp-json\/wp\/v2\/pages\/2220\/revisions"}],"predecessor-version":[{"id":2343,"href":"https:\/\/promo.waavo.com\/lt\/wp-json\/wp\/v2\/pages\/2220\/revisions\/2343"}],"wp:attachment":[{"href":"https:\/\/promo.waavo.com\/lt\/wp-json\/wp\/v2\/media?parent=2220"}],"curies":[{"name":"wp","href":"https:\/\/api.w.org\/{rel}","templated":true}]}}